{"id":24345,"date":"2025-10-14T09:21:45","date_gmt":"2025-10-14T09:21:45","guid":{"rendered":"https:\/\/memorias.com.pt\/product\/two-tone-backpack-in-natural-and-brown-cork\/"},"modified":"2026-01-08T14:52:04","modified_gmt":"2026-01-08T14:52:04","slug":"mochila-bicolor-em-cortica","status":"publish","type":"product","link":"https:\/\/memorias.com.pt\/pt-pt\/produto\/mochila-bicolor-em-cortica\/","title":{"rendered":"Mochila bicolor em corti\u00e7a"},"content":{"rendered":"<p>Mochila bicolor em corti\u00e7, com design moderno e funcional.<\/p>\n<p>Al\u00e7as ajust\u00e1veis em corti\u00e7a para maior conforto.<\/p>\n<p>Fecho de correr em metal prateado, resistente e elegante.<\/p>\n<p>Interior espa\u00e7oso com forro composto por 35% algod\u00e3o e 65% poli\u00e9ster.<\/p>\n<p>Fabricada com corti\u00e7a 100% vegetal, material sustent\u00e1vel, recicl\u00e1vel e peta-approved vegan. Leve, dur\u00e1vel, \u00e0 prova d&#8217;\u00e1gua e resistente a manchas. Produzida sem gera\u00e7\u00e3o de res\u00edduos na extra\u00e7\u00e3o ou no processamento.<\/p>\n","protected":false},"excerpt":{"rendered":"<p>Mochila bicolor em corti\u00e7a.<\/p>\n","protected":false},"featured_media":22973,"comment_status":"closed","ping_status":"closed","template":"","meta":{"_monsterinsights_skip_tracking":false,"_monsterinsights_sitenote_active":false,"_monsterinsights_sitenote_note":"","_monsterinsights_sitenote_category":0},"product_brand":[],"product_cat":[312,311],"product_tag":[],"class_list":{"0":"post-24345","1":"product","2":"type-product","3":"status-publish","4":"has-post-thumbnail","6":"product_cat-malas","7":"product_cat-mulher","9":"first","10":"instock","11":"purchasable","12":"product-type-simple"},"yoast_head":"<!-- This site is optimized with the Yoast SEO plugin v27.2 - https:\/\/yoast.com\/product\/yoast-seo-wordpress\/ -->\n<title>Mochila bicolor em corti\u00e7a - Mem\u00f3rias de Portugal<\/title>\n<meta name=\"robots\" content=\"index, follow, max-snippet:-1, max-image-preview:large, max-video-preview:-1\" \/>\n<link rel=\"canonical\" href=\"https:\/\/memorias.com.pt\/pt-pt\/produto\/mochila-bicolor-em-cortica\/\" \/>\n<meta property=\"og:locale\" content=\"pt_PT\" \/>\n<meta property=\"og:type\" content=\"article\" \/>\n<meta property=\"og:title\" content=\"Mochila bicolor em corti\u00e7a - Mem\u00f3rias de Portugal\" \/>\n<meta property=\"og:description\" content=\"Mochila bicolor em corti\u00e7a.\" \/>\n<meta property=\"og:url\" content=\"https:\/\/memorias.com.pt\/pt-pt\/produto\/mochila-bicolor-em-cortica\/\" \/>\n<meta property=\"og:site_name\" content=\"Mem\u00f3rias de Portugal\" \/>\n<meta property=\"article:publisher\" content=\"https:\/\/www.facebook.com\/profile.php?id=61550203513811\" \/>\n<meta property=\"article:modified_time\" content=\"2026-01-08T14:52:04+00:00\" \/>\n<meta property=\"og:image\" content=\"https:\/\/memorias.com.pt\/wp-content\/uploads\/2025\/10\/1000-01-02-B36.webp\" \/>\n\t<meta property=\"og:image:width\" content=\"1000\" \/>\n\t<meta property=\"og:image:height\" content=\"1000\" \/>\n\t<meta property=\"og:image:type\" content=\"image\/webp\" \/>\n<meta name=\"twitter:card\" content=\"summary_large_image\" \/>\n<meta name=\"twitter:label1\" content=\"Tempo estimado de leitura\" \/>\n\t<meta name=\"twitter:data1\" content=\"1 minuto\" \/>\n<script type=\"application\/ld+json\" class=\"yoast-schema-graph\">{\"@context\":\"https:\/\/schema.org\",\"@graph\":[{\"@type\":\"WebPage\",\"@id\":\"https:\/\/memorias.com.pt\/pt-pt\/produto\/mochila-bicolor-em-cortica\/\",\"url\":\"https:\/\/memorias.com.pt\/pt-pt\/produto\/mochila-bicolor-em-cortica\/\",\"name\":\"Mochila bicolor em corti\u00e7a - Mem\u00f3rias de Portugal\",\"isPartOf\":{\"@id\":\"https:\/\/memorias.com.pt\/#website\"},\"primaryImageOfPage\":{\"@id\":\"https:\/\/memorias.com.pt\/pt-pt\/produto\/mochila-bicolor-em-cortica\/#primaryimage\"},\"image\":{\"@id\":\"https:\/\/memorias.com.pt\/pt-pt\/produto\/mochila-bicolor-em-cortica\/#primaryimage\"},\"thumbnailUrl\":\"https:\/\/memorias.com.pt\/wp-content\/uploads\/2025\/10\/1000-01-02-B36.webp\",\"datePublished\":\"2025-10-14T09:21:45+00:00\",\"dateModified\":\"2026-01-08T14:52:04+00:00\",\"breadcrumb\":{\"@id\":\"https:\/\/memorias.com.pt\/pt-pt\/produto\/mochila-bicolor-em-cortica\/#breadcrumb\"},\"inLanguage\":\"pt-PT\",\"potentialAction\":[{\"@type\":\"ReadAction\",\"target\":[\"https:\/\/memorias.com.pt\/pt-pt\/produto\/mochila-bicolor-em-cortica\/\"]}]},{\"@type\":\"ImageObject\",\"inLanguage\":\"pt-PT\",\"@id\":\"https:\/\/memorias.com.pt\/pt-pt\/produto\/mochila-bicolor-em-cortica\/#primaryimage\",\"url\":\"https:\/\/memorias.com.pt\/wp-content\/uploads\/2025\/10\/1000-01-02-B36.webp\",\"contentUrl\":\"https:\/\/memorias.com.pt\/wp-content\/uploads\/2025\/10\/1000-01-02-B36.webp\",\"width\":1000,\"height\":1000},{\"@type\":\"BreadcrumbList\",\"@id\":\"https:\/\/memorias.com.pt\/pt-pt\/produto\/mochila-bicolor-em-cortica\/#breadcrumb\",\"itemListElement\":[{\"@type\":\"ListItem\",\"position\":1,\"name\":\"Home\",\"item\":\"https:\/\/memorias.com.pt\/pt-pt\/\"},{\"@type\":\"ListItem\",\"position\":2,\"name\":\"Loja\",\"item\":\"https:\/\/memorias.com.pt\/pt-pt\/loja\/\"},{\"@type\":\"ListItem\",\"position\":3,\"name\":\"Mochila bicolor em corti\u00e7a\"}]},{\"@type\":\"WebSite\",\"@id\":\"https:\/\/memorias.com.pt\/#website\",\"url\":\"https:\/\/memorias.com.pt\/\",\"name\":\"Mem\u00f3rias de Portugal\",\"description\":\"We combine tradition and design to create high-quality and eco friendly cork products, from Portugal to the world. We are an online store, with Vegan products approved by PETA, branded by Mem\u00f3rias de Portugal.\",\"publisher\":{\"@id\":\"https:\/\/memorias.com.pt\/#organization\"},\"potentialAction\":[{\"@type\":\"SearchAction\",\"target\":{\"@type\":\"EntryPoint\",\"urlTemplate\":\"https:\/\/memorias.com.pt\/?s={search_term_string}\"},\"query-input\":{\"@type\":\"PropertyValueSpecification\",\"valueRequired\":true,\"valueName\":\"search_term_string\"}}],\"inLanguage\":\"pt-PT\"},{\"@type\":\"Organization\",\"@id\":\"https:\/\/memorias.com.pt\/#organization\",\"name\":\"Mem\u00f3rias de Portugal\",\"url\":\"https:\/\/memorias.com.pt\/\",\"logo\":{\"@type\":\"ImageObject\",\"inLanguage\":\"pt-PT\",\"@id\":\"https:\/\/memorias.com.pt\/#\/schema\/logo\/image\/\",\"url\":\"https:\/\/memorias.com.pt\/wp-content\/uploads\/2025\/01\/logo_memorias_portugal250.webp\",\"contentUrl\":\"https:\/\/memorias.com.pt\/wp-content\/uploads\/2025\/01\/logo_memorias_portugal250.webp\",\"width\":250,\"height\":78,\"caption\":\"Mem\u00f3rias de Portugal\"},\"image\":{\"@id\":\"https:\/\/memorias.com.pt\/#\/schema\/logo\/image\/\"},\"sameAs\":[\"https:\/\/www.facebook.com\/profile.php?id=61550203513811\",\"https:\/\/www.instagram.com\/memoriasdeportugal2023\/\"]}]}<\/script>\n<!-- \/ Yoast SEO plugin. -->","yoast_head_json":{"title":"Mochila bicolor em corti\u00e7a - Mem\u00f3rias de Portugal","robots":{"index":"index","follow":"follow","max-snippet":"max-snippet:-1","max-image-preview":"max-image-preview:large","max-video-preview":"max-video-preview:-1"},"canonical":"https:\/\/memorias.com.pt\/pt-pt\/produto\/mochila-bicolor-em-cortica\/","og_locale":"pt_PT","og_type":"article","og_title":"Mochila bicolor em corti\u00e7a - Mem\u00f3rias de Portugal","og_description":"Mochila bicolor em corti\u00e7a.","og_url":"https:\/\/memorias.com.pt\/pt-pt\/produto\/mochila-bicolor-em-cortica\/","og_site_name":"Mem\u00f3rias de Portugal","article_publisher":"https:\/\/www.facebook.com\/profile.php?id=61550203513811","article_modified_time":"2026-01-08T14:52:04+00:00","og_image":[{"width":1000,"height":1000,"url":"https:\/\/memorias.com.pt\/wp-content\/uploads\/2025\/10\/1000-01-02-B36.webp","type":"image\/webp"}],"twitter_card":"summary_large_image","twitter_misc":{"Tempo estimado de leitura":"1 minuto"},"schema":{"@context":"https:\/\/schema.org","@graph":[{"@type":"WebPage","@id":"https:\/\/memorias.com.pt\/pt-pt\/produto\/mochila-bicolor-em-cortica\/","url":"https:\/\/memorias.com.pt\/pt-pt\/produto\/mochila-bicolor-em-cortica\/","name":"Mochila bicolor em corti\u00e7a - Mem\u00f3rias de Portugal","isPartOf":{"@id":"https:\/\/memorias.com.pt\/#website"},"primaryImageOfPage":{"@id":"https:\/\/memorias.com.pt\/pt-pt\/produto\/mochila-bicolor-em-cortica\/#primaryimage"},"image":{"@id":"https:\/\/memorias.com.pt\/pt-pt\/produto\/mochila-bicolor-em-cortica\/#primaryimage"},"thumbnailUrl":"https:\/\/memorias.com.pt\/wp-content\/uploads\/2025\/10\/1000-01-02-B36.webp","datePublished":"2025-10-14T09:21:45+00:00","dateModified":"2026-01-08T14:52:04+00:00","breadcrumb":{"@id":"https:\/\/memorias.com.pt\/pt-pt\/produto\/mochila-bicolor-em-cortica\/#breadcrumb"},"inLanguage":"pt-PT","potentialAction":[{"@type":"ReadAction","target":["https:\/\/memorias.com.pt\/pt-pt\/produto\/mochila-bicolor-em-cortica\/"]}]},{"@type":"ImageObject","inLanguage":"pt-PT","@id":"https:\/\/memorias.com.pt\/pt-pt\/produto\/mochila-bicolor-em-cortica\/#primaryimage","url":"https:\/\/memorias.com.pt\/wp-content\/uploads\/2025\/10\/1000-01-02-B36.webp","contentUrl":"https:\/\/memorias.com.pt\/wp-content\/uploads\/2025\/10\/1000-01-02-B36.webp","width":1000,"height":1000},{"@type":"BreadcrumbList","@id":"https:\/\/memorias.com.pt\/pt-pt\/produto\/mochila-bicolor-em-cortica\/#breadcrumb","itemListElement":[{"@type":"ListItem","position":1,"name":"Home","item":"https:\/\/memorias.com.pt\/pt-pt\/"},{"@type":"ListItem","position":2,"name":"Loja","item":"https:\/\/memorias.com.pt\/pt-pt\/loja\/"},{"@type":"ListItem","position":3,"name":"Mochila bicolor em corti\u00e7a"}]},{"@type":"WebSite","@id":"https:\/\/memorias.com.pt\/#website","url":"https:\/\/memorias.com.pt\/","name":"Mem\u00f3rias de Portugal","description":"We combine tradition and design to create high-quality and eco friendly cork products, from Portugal to the world. We are an online store, with Vegan products approved by PETA, branded by Mem\u00f3rias de Portugal.","publisher":{"@id":"https:\/\/memorias.com.pt\/#organization"},"potentialAction":[{"@type":"SearchAction","target":{"@type":"EntryPoint","urlTemplate":"https:\/\/memorias.com.pt\/?s={search_term_string}"},"query-input":{"@type":"PropertyValueSpecification","valueRequired":true,"valueName":"search_term_string"}}],"inLanguage":"pt-PT"},{"@type":"Organization","@id":"https:\/\/memorias.com.pt\/#organization","name":"Mem\u00f3rias de Portugal","url":"https:\/\/memorias.com.pt\/","logo":{"@type":"ImageObject","inLanguage":"pt-PT","@id":"https:\/\/memorias.com.pt\/#\/schema\/logo\/image\/","url":"https:\/\/memorias.com.pt\/wp-content\/uploads\/2025\/01\/logo_memorias_portugal250.webp","contentUrl":"https:\/\/memorias.com.pt\/wp-content\/uploads\/2025\/01\/logo_memorias_portugal250.webp","width":250,"height":78,"caption":"Mem\u00f3rias de Portugal"},"image":{"@id":"https:\/\/memorias.com.pt\/#\/schema\/logo\/image\/"},"sameAs":["https:\/\/www.facebook.com\/profile.php?id=61550203513811","https:\/\/www.instagram.com\/memoriasdeportugal2023\/"]}]}},"_links":{"self":[{"href":"https:\/\/memorias.com.pt\/pt-pt\/wp-json\/wp\/v2\/product\/24345","targetHints":{"allow":["GET"]}}],"collection":[{"href":"https:\/\/memorias.com.pt\/pt-pt\/wp-json\/wp\/v2\/product"}],"about":[{"href":"https:\/\/memorias.com.pt\/pt-pt\/wp-json\/wp\/v2\/types\/product"}],"replies":[{"embeddable":true,"href":"https:\/\/memorias.com.pt\/pt-pt\/wp-json\/wp\/v2\/comments?post=24345"}],"version-history":[{"count":2,"href":"https:\/\/memorias.com.pt\/pt-pt\/wp-json\/wp\/v2\/product\/24345\/revisions"}],"predecessor-version":[{"id":24346,"href":"https:\/\/memorias.com.pt\/pt-pt\/wp-json\/wp\/v2\/product\/24345\/revisions\/24346"}],"wp:featuredmedia":[{"embeddable":true,"href":"https:\/\/memorias.com.pt\/pt-pt\/wp-json\/wp\/v2\/media\/22973"}],"wp:attachment":[{"href":"https:\/\/memorias.com.pt\/pt-pt\/wp-json\/wp\/v2\/media?parent=24345"}],"wp:term":[{"taxonomy":"product_brand","embeddable":true,"href":"https:\/\/memorias.com.pt\/pt-pt\/wp-json\/wp\/v2\/product_brand?post=24345"},{"taxonomy":"product_cat","embeddable":true,"href":"https:\/\/memorias.com.pt\/pt-pt\/wp-json\/wp\/v2\/product_cat?post=24345"},{"taxonomy":"product_tag","embeddable":true,"href":"https:\/\/memorias.com.pt\/pt-pt\/wp-json\/wp\/v2\/product_tag?post=24345"}],"curies":[{"name":"wp","href":"https:\/\/api.w.org\/{rel}","templated":true}]}}