{"id":24463,"date":"2025-10-14T09:22:38","date_gmt":"2025-10-14T09:22:38","guid":{"rendered":"https:\/\/memorias.com.pt\/?post_type=product&#038;p=24463"},"modified":"2026-01-13T11:30:25","modified_gmt":"2026-01-13T11:30:25","slug":"pulseira-em-cortica-natural-com-duas-voltas-tres-ceramicas-brancas-e-fecho-dourado","status":"publish","type":"product","link":"https:\/\/memorias.com.pt\/pt-pt\/produto\/pulseira-em-cortica-natural-com-duas-voltas-tres-ceramicas-brancas-e-fecho-dourado\/","title":{"rendered":"Pulseira em corti\u00e7a natural com duas voltas, tr\u00eas cer\u00e2micas brancas e fecho dourado"},"content":{"rendered":"<p>Pulseira em corti\u00e7a natural com duas voltas, feita \u00e0 m\u00e3o em Portugal, com um design elegante e delicado. Apresenta um pendente dourado e tr\u00eas cer\u00e2micas brancas, que criam um contraste suave e sofisticado com a tonalidade natural da corti\u00e7a.<\/p>\n<p>Produzida com corti\u00e7a portuguesa 100% vegetal, esta pulseira \u00e9 leve, resistente, ecol\u00f3gica e vegan \u2014 perfeita para quem valoriza acess\u00f3rios sustent\u00e1veis com um toque de brilho e originalidade.<\/p>\n","protected":false},"excerpt":{"rendered":"<p>Pulseira em corti\u00e7a natural com duas voltas, tr\u00eas cer\u00e2micas brancas e fecho dourado.<\/p>\n","protected":false},"featured_media":24462,"comment_status":"closed","ping_status":"closed","template":"","meta":{"_monsterinsights_skip_tracking":false,"_monsterinsights_sitenote_active":false,"_monsterinsights_sitenote_note":"","_monsterinsights_sitenote_category":0},"product_brand":[],"product_cat":[313,311],"product_tag":[],"class_list":{"0":"post-24463","1":"product","2":"type-product","3":"status-publish","4":"has-post-thumbnail","6":"product_cat-bijuteria","7":"product_cat-mulher","9":"first","10":"instock","11":"purchasable","12":"product-type-variable"},"yoast_head":"<!-- This site is optimized with the Yoast SEO plugin v27.2 - https:\/\/yoast.com\/product\/yoast-seo-wordpress\/ -->\n<title>Pulseira em corti\u00e7a natural com duas voltas, tr\u00eas cer\u00e2micas brancas e fecho dourado - Mem\u00f3rias de Portugal<\/title>\n<meta name=\"robots\" content=\"index, follow, max-snippet:-1, max-image-preview:large, max-video-preview:-1\" \/>\n<link rel=\"canonical\" href=\"https:\/\/memorias.com.pt\/pt-pt\/produto\/pulseira-em-cortica-natural-com-duas-voltas-tres-ceramicas-brancas-e-fecho-dourado\/\" \/>\n<meta property=\"og:locale\" content=\"pt_PT\" \/>\n<meta property=\"og:type\" content=\"article\" \/>\n<meta property=\"og:title\" content=\"Pulseira em corti\u00e7a natural com duas voltas, tr\u00eas cer\u00e2micas brancas e fecho dourado - Mem\u00f3rias de Portugal\" \/>\n<meta property=\"og:description\" content=\"Pulseira em corti\u00e7a natural com duas voltas, tr\u00eas cer\u00e2micas brancas e fecho dourado.\" \/>\n<meta property=\"og:url\" content=\"https:\/\/memorias.com.pt\/pt-pt\/produto\/pulseira-em-cortica-natural-com-duas-voltas-tres-ceramicas-brancas-e-fecho-dourado\/\" \/>\n<meta property=\"og:site_name\" content=\"Mem\u00f3rias de Portugal\" \/>\n<meta property=\"article:publisher\" content=\"https:\/\/www.facebook.com\/profile.php?id=61550203513811\" \/>\n<meta property=\"article:modified_time\" content=\"2026-01-13T11:30:25+00:00\" \/>\n<meta property=\"og:image\" content=\"https:\/\/memorias.com.pt\/wp-content\/uploads\/2025\/10\/A443.01-BR01.webp\" \/>\n\t<meta property=\"og:image:width\" content=\"1100\" \/>\n\t<meta property=\"og:image:height\" content=\"1100\" \/>\n\t<meta property=\"og:image:type\" content=\"image\/webp\" \/>\n<meta name=\"twitter:card\" content=\"summary_large_image\" \/>\n<meta name=\"twitter:label1\" content=\"Tempo estimado de leitura\" \/>\n\t<meta name=\"twitter:data1\" content=\"1 minuto\" \/>\n<script type=\"application\/ld+json\" class=\"yoast-schema-graph\">{\"@context\":\"https:\/\/schema.org\",\"@graph\":[{\"@type\":\"WebPage\",\"@id\":\"https:\/\/memorias.com.pt\/pt-pt\/produto\/pulseira-em-cortica-natural-com-duas-voltas-tres-ceramicas-brancas-e-fecho-dourado\/\",\"url\":\"https:\/\/memorias.com.pt\/pt-pt\/produto\/pulseira-em-cortica-natural-com-duas-voltas-tres-ceramicas-brancas-e-fecho-dourado\/\",\"name\":\"Pulseira em corti\u00e7a natural com duas voltas, tr\u00eas cer\u00e2micas brancas e fecho dourado - Mem\u00f3rias de Portugal\",\"isPartOf\":{\"@id\":\"https:\/\/memorias.com.pt\/#website\"},\"primaryImageOfPage\":{\"@id\":\"https:\/\/memorias.com.pt\/pt-pt\/produto\/pulseira-em-cortica-natural-com-duas-voltas-tres-ceramicas-brancas-e-fecho-dourado\/#primaryimage\"},\"image\":{\"@id\":\"https:\/\/memorias.com.pt\/pt-pt\/produto\/pulseira-em-cortica-natural-com-duas-voltas-tres-ceramicas-brancas-e-fecho-dourado\/#primaryimage\"},\"thumbnailUrl\":\"https:\/\/memorias.com.pt\/wp-content\/uploads\/2025\/10\/A443.01-BR01.webp\",\"datePublished\":\"2025-10-14T09:22:38+00:00\",\"dateModified\":\"2026-01-13T11:30:25+00:00\",\"breadcrumb\":{\"@id\":\"https:\/\/memorias.com.pt\/pt-pt\/produto\/pulseira-em-cortica-natural-com-duas-voltas-tres-ceramicas-brancas-e-fecho-dourado\/#breadcrumb\"},\"inLanguage\":\"pt-PT\",\"potentialAction\":[{\"@type\":\"ReadAction\",\"target\":[\"https:\/\/memorias.com.pt\/pt-pt\/produto\/pulseira-em-cortica-natural-com-duas-voltas-tres-ceramicas-brancas-e-fecho-dourado\/\"]}]},{\"@type\":\"ImageObject\",\"inLanguage\":\"pt-PT\",\"@id\":\"https:\/\/memorias.com.pt\/pt-pt\/produto\/pulseira-em-cortica-natural-com-duas-voltas-tres-ceramicas-brancas-e-fecho-dourado\/#primaryimage\",\"url\":\"https:\/\/memorias.com.pt\/wp-content\/uploads\/2025\/10\/A443.01-BR01.webp\",\"contentUrl\":\"https:\/\/memorias.com.pt\/wp-content\/uploads\/2025\/10\/A443.01-BR01.webp\",\"width\":1100,\"height\":1100},{\"@type\":\"BreadcrumbList\",\"@id\":\"https:\/\/memorias.com.pt\/pt-pt\/produto\/pulseira-em-cortica-natural-com-duas-voltas-tres-ceramicas-brancas-e-fecho-dourado\/#breadcrumb\",\"itemListElement\":[{\"@type\":\"ListItem\",\"position\":1,\"name\":\"Home\",\"item\":\"https:\/\/memorias.com.pt\/pt-pt\/\"},{\"@type\":\"ListItem\",\"position\":2,\"name\":\"Loja\",\"item\":\"https:\/\/memorias.com.pt\/pt-pt\/loja\/\"},{\"@type\":\"ListItem\",\"position\":3,\"name\":\"Pulseira em corti\u00e7a natural com duas voltas, tr\u00eas cer\u00e2micas brancas e fecho dourado\"}]},{\"@type\":\"WebSite\",\"@id\":\"https:\/\/memorias.com.pt\/#website\",\"url\":\"https:\/\/memorias.com.pt\/\",\"name\":\"Mem\u00f3rias de Portugal\",\"description\":\"We combine tradition and design to create high-quality and eco friendly cork products, from Portugal to the world. We are an online store, with Vegan products approved by PETA, branded by Mem\u00f3rias de Portugal.\",\"publisher\":{\"@id\":\"https:\/\/memorias.com.pt\/#organization\"},\"potentialAction\":[{\"@type\":\"SearchAction\",\"target\":{\"@type\":\"EntryPoint\",\"urlTemplate\":\"https:\/\/memorias.com.pt\/?s={search_term_string}\"},\"query-input\":{\"@type\":\"PropertyValueSpecification\",\"valueRequired\":true,\"valueName\":\"search_term_string\"}}],\"inLanguage\":\"pt-PT\"},{\"@type\":\"Organization\",\"@id\":\"https:\/\/memorias.com.pt\/#organization\",\"name\":\"Mem\u00f3rias de Portugal\",\"url\":\"https:\/\/memorias.com.pt\/\",\"logo\":{\"@type\":\"ImageObject\",\"inLanguage\":\"pt-PT\",\"@id\":\"https:\/\/memorias.com.pt\/#\/schema\/logo\/image\/\",\"url\":\"https:\/\/memorias.com.pt\/wp-content\/uploads\/2025\/01\/logo_memorias_portugal250.webp\",\"contentUrl\":\"https:\/\/memorias.com.pt\/wp-content\/uploads\/2025\/01\/logo_memorias_portugal250.webp\",\"width\":250,\"height\":78,\"caption\":\"Mem\u00f3rias de Portugal\"},\"image\":{\"@id\":\"https:\/\/memorias.com.pt\/#\/schema\/logo\/image\/\"},\"sameAs\":[\"https:\/\/www.facebook.com\/profile.php?id=61550203513811\",\"https:\/\/www.instagram.com\/memoriasdeportugal2023\/\"]}]}<\/script>\n<!-- \/ Yoast SEO plugin. -->","yoast_head_json":{"title":"Pulseira em corti\u00e7a natural com duas voltas, tr\u00eas cer\u00e2micas brancas e fecho dourado - Mem\u00f3rias de Portugal","robots":{"index":"index","follow":"follow","max-snippet":"max-snippet:-1","max-image-preview":"max-image-preview:large","max-video-preview":"max-video-preview:-1"},"canonical":"https:\/\/memorias.com.pt\/pt-pt\/produto\/pulseira-em-cortica-natural-com-duas-voltas-tres-ceramicas-brancas-e-fecho-dourado\/","og_locale":"pt_PT","og_type":"article","og_title":"Pulseira em corti\u00e7a natural com duas voltas, tr\u00eas cer\u00e2micas brancas e fecho dourado - Mem\u00f3rias de Portugal","og_description":"Pulseira em corti\u00e7a natural com duas voltas, tr\u00eas cer\u00e2micas brancas e fecho dourado.","og_url":"https:\/\/memorias.com.pt\/pt-pt\/produto\/pulseira-em-cortica-natural-com-duas-voltas-tres-ceramicas-brancas-e-fecho-dourado\/","og_site_name":"Mem\u00f3rias de Portugal","article_publisher":"https:\/\/www.facebook.com\/profile.php?id=61550203513811","article_modified_time":"2026-01-13T11:30:25+00:00","og_image":[{"width":1100,"height":1100,"url":"https:\/\/memorias.com.pt\/wp-content\/uploads\/2025\/10\/A443.01-BR01.webp","type":"image\/webp"}],"twitter_card":"summary_large_image","twitter_misc":{"Tempo estimado de leitura":"1 minuto"},"schema":{"@context":"https:\/\/schema.org","@graph":[{"@type":"WebPage","@id":"https:\/\/memorias.com.pt\/pt-pt\/produto\/pulseira-em-cortica-natural-com-duas-voltas-tres-ceramicas-brancas-e-fecho-dourado\/","url":"https:\/\/memorias.com.pt\/pt-pt\/produto\/pulseira-em-cortica-natural-com-duas-voltas-tres-ceramicas-brancas-e-fecho-dourado\/","name":"Pulseira em corti\u00e7a natural com duas voltas, tr\u00eas cer\u00e2micas brancas e fecho dourado - Mem\u00f3rias de Portugal","isPartOf":{"@id":"https:\/\/memorias.com.pt\/#website"},"primaryImageOfPage":{"@id":"https:\/\/memorias.com.pt\/pt-pt\/produto\/pulseira-em-cortica-natural-com-duas-voltas-tres-ceramicas-brancas-e-fecho-dourado\/#primaryimage"},"image":{"@id":"https:\/\/memorias.com.pt\/pt-pt\/produto\/pulseira-em-cortica-natural-com-duas-voltas-tres-ceramicas-brancas-e-fecho-dourado\/#primaryimage"},"thumbnailUrl":"https:\/\/memorias.com.pt\/wp-content\/uploads\/2025\/10\/A443.01-BR01.webp","datePublished":"2025-10-14T09:22:38+00:00","dateModified":"2026-01-13T11:30:25+00:00","breadcrumb":{"@id":"https:\/\/memorias.com.pt\/pt-pt\/produto\/pulseira-em-cortica-natural-com-duas-voltas-tres-ceramicas-brancas-e-fecho-dourado\/#breadcrumb"},"inLanguage":"pt-PT","potentialAction":[{"@type":"ReadAction","target":["https:\/\/memorias.com.pt\/pt-pt\/produto\/pulseira-em-cortica-natural-com-duas-voltas-tres-ceramicas-brancas-e-fecho-dourado\/"]}]},{"@type":"ImageObject","inLanguage":"pt-PT","@id":"https:\/\/memorias.com.pt\/pt-pt\/produto\/pulseira-em-cortica-natural-com-duas-voltas-tres-ceramicas-brancas-e-fecho-dourado\/#primaryimage","url":"https:\/\/memorias.com.pt\/wp-content\/uploads\/2025\/10\/A443.01-BR01.webp","contentUrl":"https:\/\/memorias.com.pt\/wp-content\/uploads\/2025\/10\/A443.01-BR01.webp","width":1100,"height":1100},{"@type":"BreadcrumbList","@id":"https:\/\/memorias.com.pt\/pt-pt\/produto\/pulseira-em-cortica-natural-com-duas-voltas-tres-ceramicas-brancas-e-fecho-dourado\/#breadcrumb","itemListElement":[{"@type":"ListItem","position":1,"name":"Home","item":"https:\/\/memorias.com.pt\/pt-pt\/"},{"@type":"ListItem","position":2,"name":"Loja","item":"https:\/\/memorias.com.pt\/pt-pt\/loja\/"},{"@type":"ListItem","position":3,"name":"Pulseira em corti\u00e7a natural com duas voltas, tr\u00eas cer\u00e2micas brancas e fecho dourado"}]},{"@type":"WebSite","@id":"https:\/\/memorias.com.pt\/#website","url":"https:\/\/memorias.com.pt\/","name":"Mem\u00f3rias de Portugal","description":"We combine tradition and design to create high-quality and eco friendly cork products, from Portugal to the world. We are an online store, with Vegan products approved by PETA, branded by Mem\u00f3rias de Portugal.","publisher":{"@id":"https:\/\/memorias.com.pt\/#organization"},"potentialAction":[{"@type":"SearchAction","target":{"@type":"EntryPoint","urlTemplate":"https:\/\/memorias.com.pt\/?s={search_term_string}"},"query-input":{"@type":"PropertyValueSpecification","valueRequired":true,"valueName":"search_term_string"}}],"inLanguage":"pt-PT"},{"@type":"Organization","@id":"https:\/\/memorias.com.pt\/#organization","name":"Mem\u00f3rias de Portugal","url":"https:\/\/memorias.com.pt\/","logo":{"@type":"ImageObject","inLanguage":"pt-PT","@id":"https:\/\/memorias.com.pt\/#\/schema\/logo\/image\/","url":"https:\/\/memorias.com.pt\/wp-content\/uploads\/2025\/01\/logo_memorias_portugal250.webp","contentUrl":"https:\/\/memorias.com.pt\/wp-content\/uploads\/2025\/01\/logo_memorias_portugal250.webp","width":250,"height":78,"caption":"Mem\u00f3rias de Portugal"},"image":{"@id":"https:\/\/memorias.com.pt\/#\/schema\/logo\/image\/"},"sameAs":["https:\/\/www.facebook.com\/profile.php?id=61550203513811","https:\/\/www.instagram.com\/memoriasdeportugal2023\/"]}]}},"_links":{"self":[{"href":"https:\/\/memorias.com.pt\/pt-pt\/wp-json\/wp\/v2\/product\/24463","targetHints":{"allow":["GET"]}}],"collection":[{"href":"https:\/\/memorias.com.pt\/pt-pt\/wp-json\/wp\/v2\/product"}],"about":[{"href":"https:\/\/memorias.com.pt\/pt-pt\/wp-json\/wp\/v2\/types\/product"}],"replies":[{"embeddable":true,"href":"https:\/\/memorias.com.pt\/pt-pt\/wp-json\/wp\/v2\/comments?post=24463"}],"version-history":[{"count":2,"href":"https:\/\/memorias.com.pt\/pt-pt\/wp-json\/wp\/v2\/product\/24463\/revisions"}],"predecessor-version":[{"id":24467,"href":"https:\/\/memorias.com.pt\/pt-pt\/wp-json\/wp\/v2\/product\/24463\/revisions\/24467"}],"wp:featuredmedia":[{"embeddable":true,"href":"https:\/\/memorias.com.pt\/pt-pt\/wp-json\/wp\/v2\/media\/24462"}],"wp:attachment":[{"href":"https:\/\/memorias.com.pt\/pt-pt\/wp-json\/wp\/v2\/media?parent=24463"}],"wp:term":[{"taxonomy":"product_brand","embeddable":true,"href":"https:\/\/memorias.com.pt\/pt-pt\/wp-json\/wp\/v2\/product_brand?post=24463"},{"taxonomy":"product_cat","embeddable":true,"href":"https:\/\/memorias.com.pt\/pt-pt\/wp-json\/wp\/v2\/product_cat?post=24463"},{"taxonomy":"product_tag","embeddable":true,"href":"https:\/\/memorias.com.pt\/pt-pt\/wp-json\/wp\/v2\/product_tag?post=24463"}],"curies":[{"name":"wp","href":"https:\/\/api.w.org\/{rel}","templated":true}]}}