{"id":24537,"date":"2025-10-14T09:22:19","date_gmt":"2025-10-14T09:22:19","guid":{"rendered":"https:\/\/memorias.com.pt\/product\/necklace-in-natural-cork-with-two-turns-and-white-ceramics\/"},"modified":"2026-01-13T15:57:05","modified_gmt":"2026-01-13T15:57:05","slug":"colar-em-cortica-natural-com-duas-voltas-e-com-ceramicas-brancos","status":"publish","type":"product","link":"https:\/\/memorias.com.pt\/pt-pt\/produto\/colar-em-cortica-natural-com-duas-voltas-e-com-ceramicas-brancos\/","title":{"rendered":"Colar em corti\u00e7a natural com duas voltas e com cer\u00e2micas brancos"},"content":{"rendered":"<p>Colar em corti\u00e7a natural com detalhe em cer\u00e2mica branca e pendente redondo ao centro. A combina\u00e7\u00e3o da corti\u00e7a com a cer\u00e2mica confere um estilo minimalista e sofisticado, perfeito para real\u00e7ar qualquer visual com um toque artesanal e contempor\u00e2neo. O pendente redondo acrescenta um elemento de destaque que simboliza harmonia e equil\u00edbrio.<\/p>\n<p>Feito \u00e0 m\u00e3o em Portugal, com corti\u00e7a 100% vegetal, vegan, leve, resistente, imperme\u00e1vel, recicl\u00e1vel e amiga do ambiente.<br \/>\nIdeal para quem procura um acess\u00f3rio sustent\u00e1vel e com design original.<\/p>\n","protected":false},"excerpt":{"rendered":"<p>Colar em corti\u00e7a natural com duas voltas e com cer\u00e2micas brancos.<\/p>\n","protected":false},"featured_media":22401,"comment_status":"closed","ping_status":"closed","template":"","meta":{"_monsterinsights_skip_tracking":false,"_monsterinsights_sitenote_active":false,"_monsterinsights_sitenote_note":"","_monsterinsights_sitenote_category":0},"product_brand":[],"product_cat":[313,311],"product_tag":[],"class_list":{"0":"post-24537","1":"product","2":"type-product","3":"status-publish","4":"has-post-thumbnail","6":"product_cat-bijuteria","7":"product_cat-mulher","9":"first","10":"instock","11":"purchasable","12":"product-type-simple"},"yoast_head":"<!-- This site is optimized with the Yoast SEO plugin v27.2 - https:\/\/yoast.com\/product\/yoast-seo-wordpress\/ -->\n<title>Colar em corti\u00e7a natural com duas voltas e com cer\u00e2micas brancos - Mem\u00f3rias de Portugal<\/title>\n<meta name=\"robots\" content=\"index, follow, max-snippet:-1, max-image-preview:large, max-video-preview:-1\" \/>\n<link rel=\"canonical\" href=\"https:\/\/memorias.com.pt\/pt-pt\/produto\/colar-em-cortica-natural-com-duas-voltas-e-com-ceramicas-brancos\/\" \/>\n<meta property=\"og:locale\" content=\"pt_PT\" \/>\n<meta property=\"og:type\" content=\"article\" \/>\n<meta property=\"og:title\" content=\"Colar em corti\u00e7a natural com duas voltas e com cer\u00e2micas brancos - Mem\u00f3rias de Portugal\" \/>\n<meta property=\"og:description\" content=\"Colar em corti\u00e7a natural com duas voltas e com cer\u00e2micas brancos.\" \/>\n<meta property=\"og:url\" content=\"https:\/\/memorias.com.pt\/pt-pt\/produto\/colar-em-cortica-natural-com-duas-voltas-e-com-ceramicas-brancos\/\" \/>\n<meta property=\"og:site_name\" content=\"Mem\u00f3rias de Portugal\" \/>\n<meta property=\"article:publisher\" content=\"https:\/\/www.facebook.com\/profile.php?id=61550203513811\" \/>\n<meta property=\"article:modified_time\" content=\"2026-01-13T15:57:05+00:00\" \/>\n<meta property=\"og:image\" content=\"https:\/\/memorias.com.pt\/wp-content\/uploads\/2025\/10\/A340.01-N01a.webp\" \/>\n\t<meta property=\"og:image:width\" content=\"1100\" \/>\n\t<meta property=\"og:image:height\" content=\"1100\" \/>\n\t<meta property=\"og:image:type\" content=\"image\/webp\" \/>\n<meta name=\"twitter:card\" content=\"summary_large_image\" \/>\n<meta name=\"twitter:label1\" content=\"Tempo estimado de leitura\" \/>\n\t<meta name=\"twitter:data1\" content=\"1 minuto\" \/>\n<script type=\"application\/ld+json\" class=\"yoast-schema-graph\">{\"@context\":\"https:\/\/schema.org\",\"@graph\":[{\"@type\":\"WebPage\",\"@id\":\"https:\/\/memorias.com.pt\/pt-pt\/produto\/colar-em-cortica-natural-com-duas-voltas-e-com-ceramicas-brancos\/\",\"url\":\"https:\/\/memorias.com.pt\/pt-pt\/produto\/colar-em-cortica-natural-com-duas-voltas-e-com-ceramicas-brancos\/\",\"name\":\"Colar em corti\u00e7a natural com duas voltas e com cer\u00e2micas brancos - Mem\u00f3rias de Portugal\",\"isPartOf\":{\"@id\":\"https:\/\/memorias.com.pt\/#website\"},\"primaryImageOfPage\":{\"@id\":\"https:\/\/memorias.com.pt\/pt-pt\/produto\/colar-em-cortica-natural-com-duas-voltas-e-com-ceramicas-brancos\/#primaryimage\"},\"image\":{\"@id\":\"https:\/\/memorias.com.pt\/pt-pt\/produto\/colar-em-cortica-natural-com-duas-voltas-e-com-ceramicas-brancos\/#primaryimage\"},\"thumbnailUrl\":\"https:\/\/memorias.com.pt\/wp-content\/uploads\/2025\/10\/A340.01-N01a.webp\",\"datePublished\":\"2025-10-14T09:22:19+00:00\",\"dateModified\":\"2026-01-13T15:57:05+00:00\",\"breadcrumb\":{\"@id\":\"https:\/\/memorias.com.pt\/pt-pt\/produto\/colar-em-cortica-natural-com-duas-voltas-e-com-ceramicas-brancos\/#breadcrumb\"},\"inLanguage\":\"pt-PT\",\"potentialAction\":[{\"@type\":\"ReadAction\",\"target\":[\"https:\/\/memorias.com.pt\/pt-pt\/produto\/colar-em-cortica-natural-com-duas-voltas-e-com-ceramicas-brancos\/\"]}]},{\"@type\":\"ImageObject\",\"inLanguage\":\"pt-PT\",\"@id\":\"https:\/\/memorias.com.pt\/pt-pt\/produto\/colar-em-cortica-natural-com-duas-voltas-e-com-ceramicas-brancos\/#primaryimage\",\"url\":\"https:\/\/memorias.com.pt\/wp-content\/uploads\/2025\/10\/A340.01-N01a.webp\",\"contentUrl\":\"https:\/\/memorias.com.pt\/wp-content\/uploads\/2025\/10\/A340.01-N01a.webp\",\"width\":1100,\"height\":1100},{\"@type\":\"BreadcrumbList\",\"@id\":\"https:\/\/memorias.com.pt\/pt-pt\/produto\/colar-em-cortica-natural-com-duas-voltas-e-com-ceramicas-brancos\/#breadcrumb\",\"itemListElement\":[{\"@type\":\"ListItem\",\"position\":1,\"name\":\"Home\",\"item\":\"https:\/\/memorias.com.pt\/pt-pt\/\"},{\"@type\":\"ListItem\",\"position\":2,\"name\":\"Loja\",\"item\":\"https:\/\/memorias.com.pt\/pt-pt\/loja\/\"},{\"@type\":\"ListItem\",\"position\":3,\"name\":\"Colar em corti\u00e7a natural com duas voltas e com cer\u00e2micas brancos\"}]},{\"@type\":\"WebSite\",\"@id\":\"https:\/\/memorias.com.pt\/#website\",\"url\":\"https:\/\/memorias.com.pt\/\",\"name\":\"Mem\u00f3rias de Portugal\",\"description\":\"We combine tradition and design to create high-quality and eco friendly cork products, from Portugal to the world. We are an online store, with Vegan products approved by PETA, branded by Mem\u00f3rias de Portugal.\",\"publisher\":{\"@id\":\"https:\/\/memorias.com.pt\/#organization\"},\"potentialAction\":[{\"@type\":\"SearchAction\",\"target\":{\"@type\":\"EntryPoint\",\"urlTemplate\":\"https:\/\/memorias.com.pt\/?s={search_term_string}\"},\"query-input\":{\"@type\":\"PropertyValueSpecification\",\"valueRequired\":true,\"valueName\":\"search_term_string\"}}],\"inLanguage\":\"pt-PT\"},{\"@type\":\"Organization\",\"@id\":\"https:\/\/memorias.com.pt\/#organization\",\"name\":\"Mem\u00f3rias de Portugal\",\"url\":\"https:\/\/memorias.com.pt\/\",\"logo\":{\"@type\":\"ImageObject\",\"inLanguage\":\"pt-PT\",\"@id\":\"https:\/\/memorias.com.pt\/#\/schema\/logo\/image\/\",\"url\":\"https:\/\/memorias.com.pt\/wp-content\/uploads\/2025\/01\/logo_memorias_portugal250.webp\",\"contentUrl\":\"https:\/\/memorias.com.pt\/wp-content\/uploads\/2025\/01\/logo_memorias_portugal250.webp\",\"width\":250,\"height\":78,\"caption\":\"Mem\u00f3rias de Portugal\"},\"image\":{\"@id\":\"https:\/\/memorias.com.pt\/#\/schema\/logo\/image\/\"},\"sameAs\":[\"https:\/\/www.facebook.com\/profile.php?id=61550203513811\",\"https:\/\/www.instagram.com\/memoriasdeportugal2023\/\"]}]}<\/script>\n<!-- \/ Yoast SEO plugin. -->","yoast_head_json":{"title":"Colar em corti\u00e7a natural com duas voltas e com cer\u00e2micas brancos - Mem\u00f3rias de Portugal","robots":{"index":"index","follow":"follow","max-snippet":"max-snippet:-1","max-image-preview":"max-image-preview:large","max-video-preview":"max-video-preview:-1"},"canonical":"https:\/\/memorias.com.pt\/pt-pt\/produto\/colar-em-cortica-natural-com-duas-voltas-e-com-ceramicas-brancos\/","og_locale":"pt_PT","og_type":"article","og_title":"Colar em corti\u00e7a natural com duas voltas e com cer\u00e2micas brancos - Mem\u00f3rias de Portugal","og_description":"Colar em corti\u00e7a natural com duas voltas e com cer\u00e2micas brancos.","og_url":"https:\/\/memorias.com.pt\/pt-pt\/produto\/colar-em-cortica-natural-com-duas-voltas-e-com-ceramicas-brancos\/","og_site_name":"Mem\u00f3rias de Portugal","article_publisher":"https:\/\/www.facebook.com\/profile.php?id=61550203513811","article_modified_time":"2026-01-13T15:57:05+00:00","og_image":[{"width":1100,"height":1100,"url":"https:\/\/memorias.com.pt\/wp-content\/uploads\/2025\/10\/A340.01-N01a.webp","type":"image\/webp"}],"twitter_card":"summary_large_image","twitter_misc":{"Tempo estimado de leitura":"1 minuto"},"schema":{"@context":"https:\/\/schema.org","@graph":[{"@type":"WebPage","@id":"https:\/\/memorias.com.pt\/pt-pt\/produto\/colar-em-cortica-natural-com-duas-voltas-e-com-ceramicas-brancos\/","url":"https:\/\/memorias.com.pt\/pt-pt\/produto\/colar-em-cortica-natural-com-duas-voltas-e-com-ceramicas-brancos\/","name":"Colar em corti\u00e7a natural com duas voltas e com cer\u00e2micas brancos - Mem\u00f3rias de Portugal","isPartOf":{"@id":"https:\/\/memorias.com.pt\/#website"},"primaryImageOfPage":{"@id":"https:\/\/memorias.com.pt\/pt-pt\/produto\/colar-em-cortica-natural-com-duas-voltas-e-com-ceramicas-brancos\/#primaryimage"},"image":{"@id":"https:\/\/memorias.com.pt\/pt-pt\/produto\/colar-em-cortica-natural-com-duas-voltas-e-com-ceramicas-brancos\/#primaryimage"},"thumbnailUrl":"https:\/\/memorias.com.pt\/wp-content\/uploads\/2025\/10\/A340.01-N01a.webp","datePublished":"2025-10-14T09:22:19+00:00","dateModified":"2026-01-13T15:57:05+00:00","breadcrumb":{"@id":"https:\/\/memorias.com.pt\/pt-pt\/produto\/colar-em-cortica-natural-com-duas-voltas-e-com-ceramicas-brancos\/#breadcrumb"},"inLanguage":"pt-PT","potentialAction":[{"@type":"ReadAction","target":["https:\/\/memorias.com.pt\/pt-pt\/produto\/colar-em-cortica-natural-com-duas-voltas-e-com-ceramicas-brancos\/"]}]},{"@type":"ImageObject","inLanguage":"pt-PT","@id":"https:\/\/memorias.com.pt\/pt-pt\/produto\/colar-em-cortica-natural-com-duas-voltas-e-com-ceramicas-brancos\/#primaryimage","url":"https:\/\/memorias.com.pt\/wp-content\/uploads\/2025\/10\/A340.01-N01a.webp","contentUrl":"https:\/\/memorias.com.pt\/wp-content\/uploads\/2025\/10\/A340.01-N01a.webp","width":1100,"height":1100},{"@type":"BreadcrumbList","@id":"https:\/\/memorias.com.pt\/pt-pt\/produto\/colar-em-cortica-natural-com-duas-voltas-e-com-ceramicas-brancos\/#breadcrumb","itemListElement":[{"@type":"ListItem","position":1,"name":"Home","item":"https:\/\/memorias.com.pt\/pt-pt\/"},{"@type":"ListItem","position":2,"name":"Loja","item":"https:\/\/memorias.com.pt\/pt-pt\/loja\/"},{"@type":"ListItem","position":3,"name":"Colar em corti\u00e7a natural com duas voltas e com cer\u00e2micas brancos"}]},{"@type":"WebSite","@id":"https:\/\/memorias.com.pt\/#website","url":"https:\/\/memorias.com.pt\/","name":"Mem\u00f3rias de Portugal","description":"We combine tradition and design to create high-quality and eco friendly cork products, from Portugal to the world. We are an online store, with Vegan products approved by PETA, branded by Mem\u00f3rias de Portugal.","publisher":{"@id":"https:\/\/memorias.com.pt\/#organization"},"potentialAction":[{"@type":"SearchAction","target":{"@type":"EntryPoint","urlTemplate":"https:\/\/memorias.com.pt\/?s={search_term_string}"},"query-input":{"@type":"PropertyValueSpecification","valueRequired":true,"valueName":"search_term_string"}}],"inLanguage":"pt-PT"},{"@type":"Organization","@id":"https:\/\/memorias.com.pt\/#organization","name":"Mem\u00f3rias de Portugal","url":"https:\/\/memorias.com.pt\/","logo":{"@type":"ImageObject","inLanguage":"pt-PT","@id":"https:\/\/memorias.com.pt\/#\/schema\/logo\/image\/","url":"https:\/\/memorias.com.pt\/wp-content\/uploads\/2025\/01\/logo_memorias_portugal250.webp","contentUrl":"https:\/\/memorias.com.pt\/wp-content\/uploads\/2025\/01\/logo_memorias_portugal250.webp","width":250,"height":78,"caption":"Mem\u00f3rias de Portugal"},"image":{"@id":"https:\/\/memorias.com.pt\/#\/schema\/logo\/image\/"},"sameAs":["https:\/\/www.facebook.com\/profile.php?id=61550203513811","https:\/\/www.instagram.com\/memoriasdeportugal2023\/"]}]}},"_links":{"self":[{"href":"https:\/\/memorias.com.pt\/pt-pt\/wp-json\/wp\/v2\/product\/24537","targetHints":{"allow":["GET"]}}],"collection":[{"href":"https:\/\/memorias.com.pt\/pt-pt\/wp-json\/wp\/v2\/product"}],"about":[{"href":"https:\/\/memorias.com.pt\/pt-pt\/wp-json\/wp\/v2\/types\/product"}],"replies":[{"embeddable":true,"href":"https:\/\/memorias.com.pt\/pt-pt\/wp-json\/wp\/v2\/comments?post=24537"}],"version-history":[{"count":1,"href":"https:\/\/memorias.com.pt\/pt-pt\/wp-json\/wp\/v2\/product\/24537\/revisions"}],"predecessor-version":[{"id":24538,"href":"https:\/\/memorias.com.pt\/pt-pt\/wp-json\/wp\/v2\/product\/24537\/revisions\/24538"}],"wp:featuredmedia":[{"embeddable":true,"href":"https:\/\/memorias.com.pt\/pt-pt\/wp-json\/wp\/v2\/media\/22401"}],"wp:attachment":[{"href":"https:\/\/memorias.com.pt\/pt-pt\/wp-json\/wp\/v2\/media?parent=24537"}],"wp:term":[{"taxonomy":"product_brand","embeddable":true,"href":"https:\/\/memorias.com.pt\/pt-pt\/wp-json\/wp\/v2\/product_brand?post=24537"},{"taxonomy":"product_cat","embeddable":true,"href":"https:\/\/memorias.com.pt\/pt-pt\/wp-json\/wp\/v2\/product_cat?post=24537"},{"taxonomy":"product_tag","embeddable":true,"href":"https:\/\/memorias.com.pt\/pt-pt\/wp-json\/wp\/v2\/product_tag?post=24537"}],"curies":[{"name":"wp","href":"https:\/\/api.w.org\/{rel}","templated":true}]}}