{"id":24603,"date":"2025-10-14T09:21:34","date_gmt":"2025-10-14T09:21:34","guid":{"rendered":"https:\/\/memorias.com.pt\/product\/mens-cork-backpack\/"},"modified":"2026-01-13T16:57:57","modified_gmt":"2026-01-13T16:57:57","slug":"mochila-de-homem-em-cortica-castanha","status":"publish","type":"product","link":"https:\/\/memorias.com.pt\/pt-pt\/produto\/mochila-de-homem-em-cortica-castanha\/","title":{"rendered":"Mochila de homem em corti\u00e7a castanha"},"content":{"rendered":"<p>Mochila de homem em corti\u00e7a castanha, com pala e fecho magn\u00e9tico, al\u00e9m de fecho principal com z\u00edper.<\/p>\n<p>Bolso exterior aberto e bolso traseiro com z\u00edper para maior praticidade. as al\u00e7as s\u00e3o ajust\u00e1veis, proporcionando maior conforto, e ainda possui uma pega de m\u00e3o para facilitar o transporte.<\/p>\n<p>No interior, h\u00e1 um bolso grande aberto e um bolso adicional com z\u00edper para organiza\u00e7\u00e3o.<\/p>\n<p>O forro vermelho, 35% algod\u00e3o e 65% poliester. material natural, 100% t\u00eaxtil vegano \u00e0 base de plantas, peta-approved vegan, n\u00e3o produz res\u00edduos na extra\u00e7\u00e3o, processamento ou produ\u00e7\u00e3o, recicl\u00e1vel, \u00e0 prova d&#8217;\u00e1gua, sustent\u00e1vel, resistente a manchas, leve, dur\u00e1vel, corti\u00e7a certificada fsc\u00ae.<\/p>\n<p>Produzido em portugal com corti\u00e7a portuguesa.<\/p>\n","protected":false},"excerpt":{"rendered":"<p>Mochila de homem em corti\u00e7a castanha.<\/p>\n","protected":false},"featured_media":23047,"comment_status":"closed","ping_status":"closed","template":"","meta":{"_monsterinsights_skip_tracking":false,"_monsterinsights_sitenote_active":false,"_monsterinsights_sitenote_note":"","_monsterinsights_sitenote_category":0},"product_brand":[],"product_cat":[308],"product_tag":[],"class_list":{"0":"post-24603","1":"product","2":"type-product","3":"status-publish","4":"has-post-thumbnail","6":"product_cat-malas-homem","8":"first","9":"instock","10":"purchasable","11":"product-type-variable"},"yoast_head":"<!-- This site is optimized with the Yoast SEO plugin v27.2 - https:\/\/yoast.com\/product\/yoast-seo-wordpress\/ -->\n<title>Mochila de homem em corti\u00e7a castanha - Mem\u00f3rias de Portugal<\/title>\n<meta name=\"robots\" content=\"index, follow, max-snippet:-1, max-image-preview:large, max-video-preview:-1\" \/>\n<link rel=\"canonical\" href=\"https:\/\/memorias.com.pt\/pt-pt\/produto\/mochila-de-homem-em-cortica-castanha\/\" \/>\n<meta property=\"og:locale\" content=\"pt_PT\" \/>\n<meta property=\"og:type\" content=\"article\" \/>\n<meta property=\"og:title\" content=\"Mochila de homem em corti\u00e7a castanha - Mem\u00f3rias de Portugal\" \/>\n<meta property=\"og:description\" content=\"Mochila de homem em corti\u00e7a castanha.\" \/>\n<meta property=\"og:url\" content=\"https:\/\/memorias.com.pt\/pt-pt\/produto\/mochila-de-homem-em-cortica-castanha\/\" \/>\n<meta property=\"og:site_name\" content=\"Mem\u00f3rias de Portugal\" \/>\n<meta property=\"article:publisher\" content=\"https:\/\/www.facebook.com\/profile.php?id=61550203513811\" \/>\n<meta property=\"article:modified_time\" content=\"2026-01-13T16:57:57+00:00\" \/>\n<meta property=\"og:image\" content=\"https:\/\/memorias.com.pt\/wp-content\/uploads\/2025\/10\/A101.70-B32.webp\" \/>\n\t<meta property=\"og:image:width\" content=\"1100\" \/>\n\t<meta property=\"og:image:height\" content=\"1100\" \/>\n\t<meta property=\"og:image:type\" content=\"image\/webp\" \/>\n<meta name=\"twitter:card\" content=\"summary_large_image\" \/>\n<meta name=\"twitter:label1\" content=\"Tempo estimado de leitura\" \/>\n\t<meta name=\"twitter:data1\" content=\"1 minuto\" \/>\n<script type=\"application\/ld+json\" class=\"yoast-schema-graph\">{\"@context\":\"https:\/\/schema.org\",\"@graph\":[{\"@type\":\"WebPage\",\"@id\":\"https:\/\/memorias.com.pt\/pt-pt\/produto\/mochila-de-homem-em-cortica-castanha\/\",\"url\":\"https:\/\/memorias.com.pt\/pt-pt\/produto\/mochila-de-homem-em-cortica-castanha\/\",\"name\":\"Mochila de homem em corti\u00e7a castanha - Mem\u00f3rias de Portugal\",\"isPartOf\":{\"@id\":\"https:\/\/memorias.com.pt\/#website\"},\"primaryImageOfPage\":{\"@id\":\"https:\/\/memorias.com.pt\/pt-pt\/produto\/mochila-de-homem-em-cortica-castanha\/#primaryimage\"},\"image\":{\"@id\":\"https:\/\/memorias.com.pt\/pt-pt\/produto\/mochila-de-homem-em-cortica-castanha\/#primaryimage\"},\"thumbnailUrl\":\"https:\/\/memorias.com.pt\/wp-content\/uploads\/2025\/10\/A101.70-B32.webp\",\"datePublished\":\"2025-10-14T09:21:34+00:00\",\"dateModified\":\"2026-01-13T16:57:57+00:00\",\"breadcrumb\":{\"@id\":\"https:\/\/memorias.com.pt\/pt-pt\/produto\/mochila-de-homem-em-cortica-castanha\/#breadcrumb\"},\"inLanguage\":\"pt-PT\",\"potentialAction\":[{\"@type\":\"ReadAction\",\"target\":[\"https:\/\/memorias.com.pt\/pt-pt\/produto\/mochila-de-homem-em-cortica-castanha\/\"]}]},{\"@type\":\"ImageObject\",\"inLanguage\":\"pt-PT\",\"@id\":\"https:\/\/memorias.com.pt\/pt-pt\/produto\/mochila-de-homem-em-cortica-castanha\/#primaryimage\",\"url\":\"https:\/\/memorias.com.pt\/wp-content\/uploads\/2025\/10\/A101.70-B32.webp\",\"contentUrl\":\"https:\/\/memorias.com.pt\/wp-content\/uploads\/2025\/10\/A101.70-B32.webp\",\"width\":1100,\"height\":1100},{\"@type\":\"BreadcrumbList\",\"@id\":\"https:\/\/memorias.com.pt\/pt-pt\/produto\/mochila-de-homem-em-cortica-castanha\/#breadcrumb\",\"itemListElement\":[{\"@type\":\"ListItem\",\"position\":1,\"name\":\"Home\",\"item\":\"https:\/\/memorias.com.pt\/pt-pt\/\"},{\"@type\":\"ListItem\",\"position\":2,\"name\":\"Loja\",\"item\":\"https:\/\/memorias.com.pt\/pt-pt\/loja\/\"},{\"@type\":\"ListItem\",\"position\":3,\"name\":\"Mochila de homem em corti\u00e7a castanha\"}]},{\"@type\":\"WebSite\",\"@id\":\"https:\/\/memorias.com.pt\/#website\",\"url\":\"https:\/\/memorias.com.pt\/\",\"name\":\"Mem\u00f3rias de Portugal\",\"description\":\"We combine tradition and design to create high-quality and eco friendly cork products, from Portugal to the world. We are an online store, with Vegan products approved by PETA, branded by Mem\u00f3rias de Portugal.\",\"publisher\":{\"@id\":\"https:\/\/memorias.com.pt\/#organization\"},\"potentialAction\":[{\"@type\":\"SearchAction\",\"target\":{\"@type\":\"EntryPoint\",\"urlTemplate\":\"https:\/\/memorias.com.pt\/?s={search_term_string}\"},\"query-input\":{\"@type\":\"PropertyValueSpecification\",\"valueRequired\":true,\"valueName\":\"search_term_string\"}}],\"inLanguage\":\"pt-PT\"},{\"@type\":\"Organization\",\"@id\":\"https:\/\/memorias.com.pt\/#organization\",\"name\":\"Mem\u00f3rias de Portugal\",\"url\":\"https:\/\/memorias.com.pt\/\",\"logo\":{\"@type\":\"ImageObject\",\"inLanguage\":\"pt-PT\",\"@id\":\"https:\/\/memorias.com.pt\/#\/schema\/logo\/image\/\",\"url\":\"https:\/\/memorias.com.pt\/wp-content\/uploads\/2025\/01\/logo_memorias_portugal250.webp\",\"contentUrl\":\"https:\/\/memorias.com.pt\/wp-content\/uploads\/2025\/01\/logo_memorias_portugal250.webp\",\"width\":250,\"height\":78,\"caption\":\"Mem\u00f3rias de Portugal\"},\"image\":{\"@id\":\"https:\/\/memorias.com.pt\/#\/schema\/logo\/image\/\"},\"sameAs\":[\"https:\/\/www.facebook.com\/profile.php?id=61550203513811\",\"https:\/\/www.instagram.com\/memoriasdeportugal2023\/\"]}]}<\/script>\n<!-- \/ Yoast SEO plugin. -->","yoast_head_json":{"title":"Mochila de homem em corti\u00e7a castanha - Mem\u00f3rias de Portugal","robots":{"index":"index","follow":"follow","max-snippet":"max-snippet:-1","max-image-preview":"max-image-preview:large","max-video-preview":"max-video-preview:-1"},"canonical":"https:\/\/memorias.com.pt\/pt-pt\/produto\/mochila-de-homem-em-cortica-castanha\/","og_locale":"pt_PT","og_type":"article","og_title":"Mochila de homem em corti\u00e7a castanha - Mem\u00f3rias de Portugal","og_description":"Mochila de homem em corti\u00e7a castanha.","og_url":"https:\/\/memorias.com.pt\/pt-pt\/produto\/mochila-de-homem-em-cortica-castanha\/","og_site_name":"Mem\u00f3rias de Portugal","article_publisher":"https:\/\/www.facebook.com\/profile.php?id=61550203513811","article_modified_time":"2026-01-13T16:57:57+00:00","og_image":[{"width":1100,"height":1100,"url":"https:\/\/memorias.com.pt\/wp-content\/uploads\/2025\/10\/A101.70-B32.webp","type":"image\/webp"}],"twitter_card":"summary_large_image","twitter_misc":{"Tempo estimado de leitura":"1 minuto"},"schema":{"@context":"https:\/\/schema.org","@graph":[{"@type":"WebPage","@id":"https:\/\/memorias.com.pt\/pt-pt\/produto\/mochila-de-homem-em-cortica-castanha\/","url":"https:\/\/memorias.com.pt\/pt-pt\/produto\/mochila-de-homem-em-cortica-castanha\/","name":"Mochila de homem em corti\u00e7a castanha - Mem\u00f3rias de Portugal","isPartOf":{"@id":"https:\/\/memorias.com.pt\/#website"},"primaryImageOfPage":{"@id":"https:\/\/memorias.com.pt\/pt-pt\/produto\/mochila-de-homem-em-cortica-castanha\/#primaryimage"},"image":{"@id":"https:\/\/memorias.com.pt\/pt-pt\/produto\/mochila-de-homem-em-cortica-castanha\/#primaryimage"},"thumbnailUrl":"https:\/\/memorias.com.pt\/wp-content\/uploads\/2025\/10\/A101.70-B32.webp","datePublished":"2025-10-14T09:21:34+00:00","dateModified":"2026-01-13T16:57:57+00:00","breadcrumb":{"@id":"https:\/\/memorias.com.pt\/pt-pt\/produto\/mochila-de-homem-em-cortica-castanha\/#breadcrumb"},"inLanguage":"pt-PT","potentialAction":[{"@type":"ReadAction","target":["https:\/\/memorias.com.pt\/pt-pt\/produto\/mochila-de-homem-em-cortica-castanha\/"]}]},{"@type":"ImageObject","inLanguage":"pt-PT","@id":"https:\/\/memorias.com.pt\/pt-pt\/produto\/mochila-de-homem-em-cortica-castanha\/#primaryimage","url":"https:\/\/memorias.com.pt\/wp-content\/uploads\/2025\/10\/A101.70-B32.webp","contentUrl":"https:\/\/memorias.com.pt\/wp-content\/uploads\/2025\/10\/A101.70-B32.webp","width":1100,"height":1100},{"@type":"BreadcrumbList","@id":"https:\/\/memorias.com.pt\/pt-pt\/produto\/mochila-de-homem-em-cortica-castanha\/#breadcrumb","itemListElement":[{"@type":"ListItem","position":1,"name":"Home","item":"https:\/\/memorias.com.pt\/pt-pt\/"},{"@type":"ListItem","position":2,"name":"Loja","item":"https:\/\/memorias.com.pt\/pt-pt\/loja\/"},{"@type":"ListItem","position":3,"name":"Mochila de homem em corti\u00e7a castanha"}]},{"@type":"WebSite","@id":"https:\/\/memorias.com.pt\/#website","url":"https:\/\/memorias.com.pt\/","name":"Mem\u00f3rias de Portugal","description":"We combine tradition and design to create high-quality and eco friendly cork products, from Portugal to the world. We are an online store, with Vegan products approved by PETA, branded by Mem\u00f3rias de Portugal.","publisher":{"@id":"https:\/\/memorias.com.pt\/#organization"},"potentialAction":[{"@type":"SearchAction","target":{"@type":"EntryPoint","urlTemplate":"https:\/\/memorias.com.pt\/?s={search_term_string}"},"query-input":{"@type":"PropertyValueSpecification","valueRequired":true,"valueName":"search_term_string"}}],"inLanguage":"pt-PT"},{"@type":"Organization","@id":"https:\/\/memorias.com.pt\/#organization","name":"Mem\u00f3rias de Portugal","url":"https:\/\/memorias.com.pt\/","logo":{"@type":"ImageObject","inLanguage":"pt-PT","@id":"https:\/\/memorias.com.pt\/#\/schema\/logo\/image\/","url":"https:\/\/memorias.com.pt\/wp-content\/uploads\/2025\/01\/logo_memorias_portugal250.webp","contentUrl":"https:\/\/memorias.com.pt\/wp-content\/uploads\/2025\/01\/logo_memorias_portugal250.webp","width":250,"height":78,"caption":"Mem\u00f3rias de Portugal"},"image":{"@id":"https:\/\/memorias.com.pt\/#\/schema\/logo\/image\/"},"sameAs":["https:\/\/www.facebook.com\/profile.php?id=61550203513811","https:\/\/www.instagram.com\/memoriasdeportugal2023\/"]}]}},"_links":{"self":[{"href":"https:\/\/memorias.com.pt\/pt-pt\/wp-json\/wp\/v2\/product\/24603","targetHints":{"allow":["GET"]}}],"collection":[{"href":"https:\/\/memorias.com.pt\/pt-pt\/wp-json\/wp\/v2\/product"}],"about":[{"href":"https:\/\/memorias.com.pt\/pt-pt\/wp-json\/wp\/v2\/types\/product"}],"replies":[{"embeddable":true,"href":"https:\/\/memorias.com.pt\/pt-pt\/wp-json\/wp\/v2\/comments?post=24603"}],"version-history":[{"count":2,"href":"https:\/\/memorias.com.pt\/pt-pt\/wp-json\/wp\/v2\/product\/24603\/revisions"}],"predecessor-version":[{"id":24610,"href":"https:\/\/memorias.com.pt\/pt-pt\/wp-json\/wp\/v2\/product\/24603\/revisions\/24610"}],"wp:featuredmedia":[{"embeddable":true,"href":"https:\/\/memorias.com.pt\/pt-pt\/wp-json\/wp\/v2\/media\/23047"}],"wp:attachment":[{"href":"https:\/\/memorias.com.pt\/pt-pt\/wp-json\/wp\/v2\/media?parent=24603"}],"wp:term":[{"taxonomy":"product_brand","embeddable":true,"href":"https:\/\/memorias.com.pt\/pt-pt\/wp-json\/wp\/v2\/product_brand?post=24603"},{"taxonomy":"product_cat","embeddable":true,"href":"https:\/\/memorias.com.pt\/pt-pt\/wp-json\/wp\/v2\/product_cat?post=24603"},{"taxonomy":"product_tag","embeddable":true,"href":"https:\/\/memorias.com.pt\/pt-pt\/wp-json\/wp\/v2\/product_tag?post=24603"}],"curies":[{"name":"wp","href":"https:\/\/api.w.org\/{rel}","templated":true}]}}