{"id":24670,"date":"2025-10-14T09:21:34","date_gmt":"2025-10-14T09:21:34","guid":{"rendered":"https:\/\/memorias.com.pt\/product\/two-tone-shoulder-bag\/"},"modified":"2026-01-14T12:46:03","modified_gmt":"2026-01-14T12:46:03","slug":"malinha-tiracolo-bicolor","status":"publish","type":"product","link":"https:\/\/memorias.com.pt\/pt-pt\/produto\/malinha-tiracolo-bicolor\/","title":{"rendered":"Malinha tiracolo bicolor"},"content":{"rendered":"<p>Malinha tiracolo em corti\u00e7a natural com pala dupla e duas entradas, fecho com mola magn\u00e9tica.<\/p>\n<p>Al\u00e7a remov\u00edvel e ajust\u00e1vel, permitindo maior versatilidade. no interior, conta com um bolso fechado com z\u00edper para maior organiza\u00e7\u00e3o.<\/p>\n<p>O forro \u00e9 vermelho, composto por 35% algod\u00e3o e 65% poli\u00e9ster.<\/p>\n<p>Fabricada com material natural, 100% t\u00eaxtil vegano \u00e0 base de plantas, aprovado pela peta, sem res\u00edduos gerados durante a extra\u00e7\u00e3o, processamento ou produ\u00e7\u00e3o.<\/p>\n<p>Recicl\u00e1vel, \u00e0 prova d&#8217;\u00e1gua, resistente a manchas, leve, dur\u00e1vel e sustent\u00e1vel.<\/p>\n<p>A corti\u00e7a utilizada \u00e9 certificada fsc\u00ae e o produto \u00e9 fabricado em portugal, com corti\u00e7a 100% portuguesa.<\/p>\n","protected":false},"excerpt":{"rendered":"<p>Malinha tiracolo bicolor.<\/p>\n","protected":false},"featured_media":23261,"comment_status":"closed","ping_status":"closed","template":"","meta":{"_monsterinsights_skip_tracking":false,"_monsterinsights_sitenote_active":false,"_monsterinsights_sitenote_note":"","_monsterinsights_sitenote_category":0},"product_brand":[],"product_cat":[312,311],"product_tag":[],"class_list":{"0":"post-24670","1":"product","2":"type-product","3":"status-publish","4":"has-post-thumbnail","6":"product_cat-malas","7":"product_cat-mulher","9":"first","10":"instock","11":"purchasable","12":"product-type-variable"},"yoast_head":"<!-- This site is optimized with the Yoast SEO plugin v27.2 - https:\/\/yoast.com\/product\/yoast-seo-wordpress\/ -->\n<title>Malinha tiracolo bicolor - Mem\u00f3rias de Portugal<\/title>\n<meta name=\"robots\" content=\"index, follow, max-snippet:-1, max-image-preview:large, max-video-preview:-1\" \/>\n<link rel=\"canonical\" href=\"https:\/\/memorias.com.pt\/pt-pt\/produto\/malinha-tiracolo-bicolor\/\" \/>\n<meta property=\"og:locale\" content=\"pt_PT\" \/>\n<meta property=\"og:type\" content=\"article\" \/>\n<meta property=\"og:title\" content=\"Malinha tiracolo bicolor - Mem\u00f3rias de Portugal\" \/>\n<meta property=\"og:description\" content=\"Malinha tiracolo bicolor.\" \/>\n<meta property=\"og:url\" content=\"https:\/\/memorias.com.pt\/pt-pt\/produto\/malinha-tiracolo-bicolor\/\" \/>\n<meta property=\"og:site_name\" content=\"Mem\u00f3rias de Portugal\" \/>\n<meta property=\"article:publisher\" content=\"https:\/\/www.facebook.com\/profile.php?id=61550203513811\" \/>\n<meta property=\"article:modified_time\" content=\"2026-01-14T12:46:03+00:00\" \/>\n<meta property=\"og:image\" content=\"https:\/\/memorias.com.pt\/wp-content\/uploads\/2025\/10\/A204.08SB36a.webp\" \/>\n\t<meta property=\"og:image:width\" content=\"1100\" \/>\n\t<meta property=\"og:image:height\" content=\"1100\" \/>\n\t<meta property=\"og:image:type\" content=\"image\/webp\" \/>\n<meta name=\"twitter:card\" content=\"summary_large_image\" \/>\n<meta name=\"twitter:label1\" content=\"Tempo estimado de leitura\" \/>\n\t<meta name=\"twitter:data1\" content=\"1 minuto\" \/>\n<script type=\"application\/ld+json\" class=\"yoast-schema-graph\">{\"@context\":\"https:\/\/schema.org\",\"@graph\":[{\"@type\":\"WebPage\",\"@id\":\"https:\/\/memorias.com.pt\/pt-pt\/produto\/malinha-tiracolo-bicolor\/\",\"url\":\"https:\/\/memorias.com.pt\/pt-pt\/produto\/malinha-tiracolo-bicolor\/\",\"name\":\"Malinha tiracolo bicolor - Mem\u00f3rias de Portugal\",\"isPartOf\":{\"@id\":\"https:\/\/memorias.com.pt\/#website\"},\"primaryImageOfPage\":{\"@id\":\"https:\/\/memorias.com.pt\/pt-pt\/produto\/malinha-tiracolo-bicolor\/#primaryimage\"},\"image\":{\"@id\":\"https:\/\/memorias.com.pt\/pt-pt\/produto\/malinha-tiracolo-bicolor\/#primaryimage\"},\"thumbnailUrl\":\"https:\/\/memorias.com.pt\/wp-content\/uploads\/2025\/10\/A204.08SB36a.webp\",\"datePublished\":\"2025-10-14T09:21:34+00:00\",\"dateModified\":\"2026-01-14T12:46:03+00:00\",\"breadcrumb\":{\"@id\":\"https:\/\/memorias.com.pt\/pt-pt\/produto\/malinha-tiracolo-bicolor\/#breadcrumb\"},\"inLanguage\":\"pt-PT\",\"potentialAction\":[{\"@type\":\"ReadAction\",\"target\":[\"https:\/\/memorias.com.pt\/pt-pt\/produto\/malinha-tiracolo-bicolor\/\"]}]},{\"@type\":\"ImageObject\",\"inLanguage\":\"pt-PT\",\"@id\":\"https:\/\/memorias.com.pt\/pt-pt\/produto\/malinha-tiracolo-bicolor\/#primaryimage\",\"url\":\"https:\/\/memorias.com.pt\/wp-content\/uploads\/2025\/10\/A204.08SB36a.webp\",\"contentUrl\":\"https:\/\/memorias.com.pt\/wp-content\/uploads\/2025\/10\/A204.08SB36a.webp\",\"width\":1100,\"height\":1100},{\"@type\":\"BreadcrumbList\",\"@id\":\"https:\/\/memorias.com.pt\/pt-pt\/produto\/malinha-tiracolo-bicolor\/#breadcrumb\",\"itemListElement\":[{\"@type\":\"ListItem\",\"position\":1,\"name\":\"Home\",\"item\":\"https:\/\/memorias.com.pt\/pt-pt\/\"},{\"@type\":\"ListItem\",\"position\":2,\"name\":\"Loja\",\"item\":\"https:\/\/memorias.com.pt\/pt-pt\/loja\/\"},{\"@type\":\"ListItem\",\"position\":3,\"name\":\"Malinha tiracolo bicolor\"}]},{\"@type\":\"WebSite\",\"@id\":\"https:\/\/memorias.com.pt\/#website\",\"url\":\"https:\/\/memorias.com.pt\/\",\"name\":\"Mem\u00f3rias de Portugal\",\"description\":\"We combine tradition and design to create high-quality and eco friendly cork products, from Portugal to the world. We are an online store, with Vegan products approved by PETA, branded by Mem\u00f3rias de Portugal.\",\"publisher\":{\"@id\":\"https:\/\/memorias.com.pt\/#organization\"},\"potentialAction\":[{\"@type\":\"SearchAction\",\"target\":{\"@type\":\"EntryPoint\",\"urlTemplate\":\"https:\/\/memorias.com.pt\/?s={search_term_string}\"},\"query-input\":{\"@type\":\"PropertyValueSpecification\",\"valueRequired\":true,\"valueName\":\"search_term_string\"}}],\"inLanguage\":\"pt-PT\"},{\"@type\":\"Organization\",\"@id\":\"https:\/\/memorias.com.pt\/#organization\",\"name\":\"Mem\u00f3rias de Portugal\",\"url\":\"https:\/\/memorias.com.pt\/\",\"logo\":{\"@type\":\"ImageObject\",\"inLanguage\":\"pt-PT\",\"@id\":\"https:\/\/memorias.com.pt\/#\/schema\/logo\/image\/\",\"url\":\"https:\/\/memorias.com.pt\/wp-content\/uploads\/2025\/01\/logo_memorias_portugal250.webp\",\"contentUrl\":\"https:\/\/memorias.com.pt\/wp-content\/uploads\/2025\/01\/logo_memorias_portugal250.webp\",\"width\":250,\"height\":78,\"caption\":\"Mem\u00f3rias de Portugal\"},\"image\":{\"@id\":\"https:\/\/memorias.com.pt\/#\/schema\/logo\/image\/\"},\"sameAs\":[\"https:\/\/www.facebook.com\/profile.php?id=61550203513811\",\"https:\/\/www.instagram.com\/memoriasdeportugal2023\/\"]}]}<\/script>\n<!-- \/ Yoast SEO plugin. -->","yoast_head_json":{"title":"Malinha tiracolo bicolor - Mem\u00f3rias de Portugal","robots":{"index":"index","follow":"follow","max-snippet":"max-snippet:-1","max-image-preview":"max-image-preview:large","max-video-preview":"max-video-preview:-1"},"canonical":"https:\/\/memorias.com.pt\/pt-pt\/produto\/malinha-tiracolo-bicolor\/","og_locale":"pt_PT","og_type":"article","og_title":"Malinha tiracolo bicolor - Mem\u00f3rias de Portugal","og_description":"Malinha tiracolo bicolor.","og_url":"https:\/\/memorias.com.pt\/pt-pt\/produto\/malinha-tiracolo-bicolor\/","og_site_name":"Mem\u00f3rias de Portugal","article_publisher":"https:\/\/www.facebook.com\/profile.php?id=61550203513811","article_modified_time":"2026-01-14T12:46:03+00:00","og_image":[{"width":1100,"height":1100,"url":"https:\/\/memorias.com.pt\/wp-content\/uploads\/2025\/10\/A204.08SB36a.webp","type":"image\/webp"}],"twitter_card":"summary_large_image","twitter_misc":{"Tempo estimado de leitura":"1 minuto"},"schema":{"@context":"https:\/\/schema.org","@graph":[{"@type":"WebPage","@id":"https:\/\/memorias.com.pt\/pt-pt\/produto\/malinha-tiracolo-bicolor\/","url":"https:\/\/memorias.com.pt\/pt-pt\/produto\/malinha-tiracolo-bicolor\/","name":"Malinha tiracolo bicolor - Mem\u00f3rias de Portugal","isPartOf":{"@id":"https:\/\/memorias.com.pt\/#website"},"primaryImageOfPage":{"@id":"https:\/\/memorias.com.pt\/pt-pt\/produto\/malinha-tiracolo-bicolor\/#primaryimage"},"image":{"@id":"https:\/\/memorias.com.pt\/pt-pt\/produto\/malinha-tiracolo-bicolor\/#primaryimage"},"thumbnailUrl":"https:\/\/memorias.com.pt\/wp-content\/uploads\/2025\/10\/A204.08SB36a.webp","datePublished":"2025-10-14T09:21:34+00:00","dateModified":"2026-01-14T12:46:03+00:00","breadcrumb":{"@id":"https:\/\/memorias.com.pt\/pt-pt\/produto\/malinha-tiracolo-bicolor\/#breadcrumb"},"inLanguage":"pt-PT","potentialAction":[{"@type":"ReadAction","target":["https:\/\/memorias.com.pt\/pt-pt\/produto\/malinha-tiracolo-bicolor\/"]}]},{"@type":"ImageObject","inLanguage":"pt-PT","@id":"https:\/\/memorias.com.pt\/pt-pt\/produto\/malinha-tiracolo-bicolor\/#primaryimage","url":"https:\/\/memorias.com.pt\/wp-content\/uploads\/2025\/10\/A204.08SB36a.webp","contentUrl":"https:\/\/memorias.com.pt\/wp-content\/uploads\/2025\/10\/A204.08SB36a.webp","width":1100,"height":1100},{"@type":"BreadcrumbList","@id":"https:\/\/memorias.com.pt\/pt-pt\/produto\/malinha-tiracolo-bicolor\/#breadcrumb","itemListElement":[{"@type":"ListItem","position":1,"name":"Home","item":"https:\/\/memorias.com.pt\/pt-pt\/"},{"@type":"ListItem","position":2,"name":"Loja","item":"https:\/\/memorias.com.pt\/pt-pt\/loja\/"},{"@type":"ListItem","position":3,"name":"Malinha tiracolo bicolor"}]},{"@type":"WebSite","@id":"https:\/\/memorias.com.pt\/#website","url":"https:\/\/memorias.com.pt\/","name":"Mem\u00f3rias de Portugal","description":"We combine tradition and design to create high-quality and eco friendly cork products, from Portugal to the world. We are an online store, with Vegan products approved by PETA, branded by Mem\u00f3rias de Portugal.","publisher":{"@id":"https:\/\/memorias.com.pt\/#organization"},"potentialAction":[{"@type":"SearchAction","target":{"@type":"EntryPoint","urlTemplate":"https:\/\/memorias.com.pt\/?s={search_term_string}"},"query-input":{"@type":"PropertyValueSpecification","valueRequired":true,"valueName":"search_term_string"}}],"inLanguage":"pt-PT"},{"@type":"Organization","@id":"https:\/\/memorias.com.pt\/#organization","name":"Mem\u00f3rias de Portugal","url":"https:\/\/memorias.com.pt\/","logo":{"@type":"ImageObject","inLanguage":"pt-PT","@id":"https:\/\/memorias.com.pt\/#\/schema\/logo\/image\/","url":"https:\/\/memorias.com.pt\/wp-content\/uploads\/2025\/01\/logo_memorias_portugal250.webp","contentUrl":"https:\/\/memorias.com.pt\/wp-content\/uploads\/2025\/01\/logo_memorias_portugal250.webp","width":250,"height":78,"caption":"Mem\u00f3rias de Portugal"},"image":{"@id":"https:\/\/memorias.com.pt\/#\/schema\/logo\/image\/"},"sameAs":["https:\/\/www.facebook.com\/profile.php?id=61550203513811","https:\/\/www.instagram.com\/memoriasdeportugal2023\/"]}]}},"_links":{"self":[{"href":"https:\/\/memorias.com.pt\/pt-pt\/wp-json\/wp\/v2\/product\/24670","targetHints":{"allow":["GET"]}}],"collection":[{"href":"https:\/\/memorias.com.pt\/pt-pt\/wp-json\/wp\/v2\/product"}],"about":[{"href":"https:\/\/memorias.com.pt\/pt-pt\/wp-json\/wp\/v2\/types\/product"}],"replies":[{"embeddable":true,"href":"https:\/\/memorias.com.pt\/pt-pt\/wp-json\/wp\/v2\/comments?post=24670"}],"version-history":[{"count":1,"href":"https:\/\/memorias.com.pt\/pt-pt\/wp-json\/wp\/v2\/product\/24670\/revisions"}],"predecessor-version":[{"id":24674,"href":"https:\/\/memorias.com.pt\/pt-pt\/wp-json\/wp\/v2\/product\/24670\/revisions\/24674"}],"wp:featuredmedia":[{"embeddable":true,"href":"https:\/\/memorias.com.pt\/pt-pt\/wp-json\/wp\/v2\/media\/23261"}],"wp:attachment":[{"href":"https:\/\/memorias.com.pt\/pt-pt\/wp-json\/wp\/v2\/media?parent=24670"}],"wp:term":[{"taxonomy":"product_brand","embeddable":true,"href":"https:\/\/memorias.com.pt\/pt-pt\/wp-json\/wp\/v2\/product_brand?post=24670"},{"taxonomy":"product_cat","embeddable":true,"href":"https:\/\/memorias.com.pt\/pt-pt\/wp-json\/wp\/v2\/product_cat?post=24670"},{"taxonomy":"product_tag","embeddable":true,"href":"https:\/\/memorias.com.pt\/pt-pt\/wp-json\/wp\/v2\/product_tag?post=24670"}],"curies":[{"name":"wp","href":"https:\/\/api.w.org\/{rel}","templated":true}]}}